{"id":1102,"date":"2022-04-06T07:56:45","date_gmt":"2022-04-06T07:56:45","guid":{"rendered":"https:\/\/lauthell.de\/?page_id=1102"},"modified":"2024-01-11T10:42:19","modified_gmt":"2024-01-11T10:42:19","slug":"profil","status":"publish","type":"page","link":"https:\/\/lauthell.de\/?page_id=1102","title":{"rendered":"Profil"},"content":{"rendered":"<h1><span class=\"tojvnm2t a6sixzi8 abs2jz4q a8s20v7p t1p8iaqh k5wvi7nf q3lfd5jv pk4s997a bipmatt0 cebpdrjk qowsmv63 owwhemhu dp1hu0rb dhp61c6y iyyx5f41\">Wer wir sind<\/span><\/h1>\n<h1><span class=\"tojvnm2t a6sixzi8 abs2jz4q a8s20v7p t1p8iaqh k5wvi7nf q3lfd5jv pk4s997a bipmatt0 cebpdrjk qowsmv63 owwhemhu dp1hu0rb dhp61c6y iyyx5f41\">Ihr Veranstaltungsservice aus Ense<\/span><\/h1>\n<h1>Seit \u00fcber zehn Jahren<\/h1>\n<h2>Aus Leidenschaft zum perfekten Event<\/h2>\n<div>Im November 2009 gr\u00fcndete ich das Unternehmen Laut &#038; Hell &#8211; dabei war der Name Programm. Wir wollten Dinge anders machen, neu denken.<br \/>\nEventservice-Unternehmen gibt es viele, doch wir hatten immer den Anspruch,<br \/>\ndurch unseren Fokus auf Perfektion und Emotionen einen bleibenden Eindruck zu hinterlassen.<br \/>\nDas, was letztlich entstand, ist f\u00fcr mich und uns ein wahrgewordener Lebenstraum.\n<\/div>\n<ul>\n<li>\n<p>        <img decoding=\"async\" src=\"\/wp-content\/uploads\/2022\/04\/273746334_10158743837948831_1716985220197948861_n.jpg\" alt=\"\"><\/p>\n<h3>sound1<\/h3>\n<\/li>\n<li>\n<p>        <img decoding=\"async\" src=\"\/wp-content\/uploads\/2022\/04\/104138270_10157541702383831_7441380323566211606_n.jpg\" alt=\"\"><\/p>\n<h3>104138270_10157541702383831_7441380323566211606_n<\/h3>\n<\/li>\n<li>\n<p>        <img decoding=\"async\" src=\"\/wp-content\/uploads\/2022\/04\/236053644_10158458515558831_452754619408874340_n.jpg\" alt=\"\"><\/p>\n<h3>236053644_10158458515558831_452754619408874340_n<\/h3>\n<\/li>\n<li>\n<p>        <img decoding=\"async\" src=\"\/wp-content\/uploads\/2022\/04\/265633726_10158648002953831_8562423263818186980_n.jpg\" alt=\"\"><\/p>\n<h3>265633726_10158648002953831_8562423263818186980_n<\/h3>\n<\/li>\n<li>\n<p>        <img decoding=\"async\" src=\"\/wp-content\/uploads\/2022\/04\/10622932_10152719583103831_7724676780110802095_n.jpg\" alt=\"\"><\/p>\n<h3>10622932_10152719583103831_7724676780110802095_n<\/h3>\n<\/li>\n<\/ul>\n<p><img decoding=\"async\" src=\"\/wp-content\/uploads\/2022\/04\/dark_logo_transparent_background.png\" alt=\"\"><\/p>\n<h2>Einfach eine gute Zeit<\/h2>\n<div>Wir sorgen f\u00fcr Emotionen &#8211; Emotionen, die Menschen mitrei\u00dfen, fesseln, mitfiebern und sie eine gute Zeit erleben lassen. Wir verstehen uns auch als Botschafter der guten Laune, schlie\u00dflich sollte jede Veranstaltung durch ihren ganz besonderen, eigenen Charakter hervorstechen und positiv in Erinnerung bleiben.<br \/>\nWir geben grunds\u00e4tzlich unser Bestes f\u00fcr Sie, daf\u00fcr stehe ich mit meinem Namen.<\/div>\n<p><img decoding=\"async\" src=\"\/wp-content\/uploads\/2022\/04\/brunnberg.png\" alt=\"\"><\/p>\n<div>Ludger Brunnberg<\/div>\n<h2>Sind Sie bereit f\u00fcr das perfekte Event?<\/h2>\n<div>Schreiben Sie uns gern eine Nachricht, oder kontaktieren Sie uns telefonisch. Lassen Sie uns zusammen Ihre Veranstaltung planen und unvergessliche Momente erschaffen. <\/div>\n<p>\n    <a href=\"\/index.php?page_id=1107\">Kontakt aufnehmen<\/a>\n<\/p>\n<p><!--more--><br \/>\n<!-- {\"name\":\"Our Story\",\"type\":\"layout\",\"children\":[{\"type\":\"section\",\"props\":{\"css\":\".el-section{\\n    border-bottom:5px solid #ed0000;\\n}\",\"header_transparent\":\"light\",\"header_transparent_noplaceholder\":true,\"image_position\":\"center-center\",\"image_size\":\"cover\",\"image_width\":\"1840\",\"media_background\":\"rgba(250, 243, 243, 0.46)\",\"media_overlay\":\"rgba(0, 0, 0, 0.4)\",\"padding\":\"xlarge\",\"style\":\"default\",\"text_color\":\"light\",\"title_breakpoint\":\"xl\",\"title_position\":\"top-left\",\"title_rotation\":\"left\",\"vertical_align\":\"middle\",\"video\":\"wp-content\\\/uploads\\\/2022\\\/04\\\/1052887223-hd.mov\",\"width\":\"large\"},\"children\":[{\"type\":\"row\",\"children\":[{\"type\":\"column\",\"props\":{\"image_position\":\"center-center\",\"position_sticky_breakpoint\":\"m\",\"width_medium\":\"1-1\"},\"children\":[{\"type\":\"headline\",\"props\":{\"content\":\"<span class=\\\"tojvnm2t a6sixzi8 abs2jz4q a8s20v7p t1p8iaqh k5wvi7nf q3lfd5jv pk4s997a bipmatt0 cebpdrjk qowsmv63 owwhemhu dp1hu0rb dhp61c6y iyyx5f41\\\">Wer wir sind<\\\/span>\",\"margin_remove_bottom\":true,\"title_element\":\"h1\",\"title_style\":\"heading-large\"}},{\"type\":\"headline\",\"props\":{\"content\":\"<span class=\\\"tojvnm2t a6sixzi8 abs2jz4q a8s20v7p t1p8iaqh k5wvi7nf q3lfd5jv pk4s997a bipmatt0 cebpdrjk qowsmv63 owwhemhu dp1hu0rb dhp61c6y iyyx5f41\\\">Ihr Veranstaltungsservice aus Ense<\\\/span>\",\"margin_remove_bottom\":false,\"margin_remove_top\":true,\"title_element\":\"h1\",\"title_style\":\"heading-small\"}}]}]}],\"name\":\"Hero\"},{\"type\":\"section\",\"props\":{\"css\":\".el-section{\\n    border-bottom:5px solid #ed0000;\\n}\",\"image_position\":\"center-center\",\"padding\":\"large\",\"style\":\"muted\",\"title_breakpoint\":\"xl\",\"title_position\":\"top-left\",\"title_rotation\":\"left\",\"vertical_align\":\"middle\",\"width\":\"large\"},\"children\":[{\"type\":\"row\",\"props\":{\"column_gap\":\"small\",\"divider\":false,\"layout\":\"2-3,1-3\",\"row_gap\":\"large\"},\"children\":[{\"type\":\"column\",\"props\":{\"image_position\":\"center-center\",\"position_sticky_breakpoint\":\"m\",\"width_medium\":\"2-3\"},\"children\":[{\"type\":\"headline\",\"props\":{\"content\":\"Seit \\u00fcber zehn Jahren\",\"margin\":\"small\",\"text_align\":\"left\",\"text_align_breakpoint\":\"m\",\"text_align_fallback\":\"center\",\"title_element\":\"h1\",\"title_style\":\"h2\"}},{\"type\":\"headline\",\"props\":{\"block_align_breakpoint\":\"m\",\"block_align_fallback\":\"center\",\"content\":\"Aus Leidenschaft zum perfekten Event\",\"margin\":\"medium\",\"margin_remove_top\":true,\"maxwidth\":\"xlarge\",\"text_align\":\"left\",\"text_align_breakpoint\":\"m\",\"text_align_fallback\":\"center\",\"title_element\":\"h2\",\"title_style\":\"heading-small\"}},{\"type\":\"text\",\"props\":{\"block_align_breakpoint\":\"m\",\"block_align_fallback\":\"center\",\"column_breakpoint\":\"m\",\"content\":\"Im November 2009 gr\\u00fcndete ich das Unternehmen Laut & Hell - dabei war der Name Programm. Wir wollten Dinge anders machen, neu denken. \\nEventservice-Unternehmen gibt es viele, doch wir hatten immer den Anspruch,\\ndurch unseren Fokus auf Perfektion und Emotionen einen bleibenden Eindruck zu hinterlassen. \\nDas, was letztlich entstand, ist f\\u00fcr mich und uns ein wahrgewordener Lebenstraum.\\n\",\"margin\":\"xlarge\",\"margin_remove_top\":true,\"maxwidth\":\"2xlarge\",\"maxwidth_breakpoint\":\"m\",\"text_align\":\"left\"}},{\"type\":\"slideshow\",\"props\":{\"link_style\":\"default\",\"link_text\":\"Read more\",\"margin\":\"default\",\"maxwidth\":\"2xlarge\",\"meta_align\":\"below-title\",\"meta_element\":\"div\",\"meta_style\":\"text-meta\",\"nav\":\"dotnav\",\"nav_align\":\"center\",\"nav_below\":true,\"nav_breakpoint\":\"s\",\"nav_position\":\"bottom-center\",\"nav_position_margin\":\"medium\",\"overlay_animation\":\"parallax\",\"overlay_position\":\"center-left\",\"show_content\":false,\"show_link\":false,\"show_meta\":false,\"show_thumbnail\":false,\"show_title\":false,\"slidenav\":\"default\",\"slidenav_breakpoint\":\"s\",\"slidenav_margin\":\"medium\",\"slidenav_outside_breakpoint\":\"xl\",\"slideshow_animation\":\"fade\",\"slideshow_autoplay\":true,\"slideshow_autoplay_interval\":\"5\",\"slideshow_autoplay_pause\":true,\"slideshow_kenburns\":\"alternate\",\"slideshow_kenburns_duration\":\"10\",\"slideshow_min_height\":\"500\",\"slideshow_velocity\":\"0.2\",\"thumbnav_height\":\"75\",\"thumbnav_svg_color\":\"emphasis\",\"thumbnav_width\":\"100\",\"title_element\":\"h3\"},\"children\":[{\"type\":\"slideshow_item\",\"props\":{\"image\":\"wp-content\\\/uploads\\\/2022\\\/04\\\/273746334_10158743837948831_1716985220197948861_n.jpg\",\"title\":\"sound1\"}},{\"type\":\"slideshow_item\",\"props\":{\"image\":\"wp-content\\\/uploads\\\/2022\\\/04\\\/104138270_10157541702383831_7441380323566211606_n.jpg\",\"title\":\"104138270_10157541702383831_7441380323566211606_n\"}},{\"type\":\"slideshow_item\",\"props\":{\"image\":\"wp-content\\\/uploads\\\/2022\\\/04\\\/236053644_10158458515558831_452754619408874340_n.jpg\",\"title\":\"236053644_10158458515558831_452754619408874340_n\"}},{\"type\":\"slideshow_item\",\"props\":{\"image\":\"wp-content\\\/uploads\\\/2022\\\/04\\\/265633726_10158648002953831_8562423263818186980_n.jpg\",\"title\":\"265633726_10158648002953831_8562423263818186980_n\"}},{\"type\":\"slideshow_item\",\"props\":{\"image\":\"wp-content\\\/uploads\\\/2022\\\/04\\\/10622932_10152719583103831_7724676780110802095_n.jpg\",\"title\":\"10622932_10152719583103831_7724676780110802095_n\"}}],\"name\":\"slideshow\"}]},{\"type\":\"column\",\"props\":{\"image_position\":\"center-center\",\"position_sticky_breakpoint\":\"m\",\"width_medium\":\"1-3\"},\"children\":[{\"type\":\"image\",\"props\":{\"css\":\".el-image{\\n    box-shadow: 0 1px 3px 0 rgba(0,0,0,.60),0 10px 40px -20px rgba(0,0,0,.90);\\n}\",\"image\":\"wp-content\\\/uploads\\\/2022\\\/04\\\/dark_logo_transparent_background.png\",\"image_svg_color\":\"emphasis\",\"image_width\":\"610\",\"margin\":\"xlarge\",\"margin_remove_top\":false}},{\"type\":\"headline\",\"props\":{\"content\":\"Einfach eine gute Zeit\",\"margin_remove_bottom\":false,\"text_align\":\"left\",\"text_align_breakpoint\":\"m\",\"text_align_fallback\":\"center\",\"title_element\":\"h2\",\"title_style\":\"h1\"}},{\"type\":\"text\",\"props\":{\"column_breakpoint\":\"m\",\"content\":\"Wir sorgen f\\u00fcr Emotionen - Emotionen, die Menschen mitrei\\u00dfen, fesseln, mitfiebern und sie eine gute Zeit erleben lassen. Wir verstehen uns auch als Botschafter der guten Laune, schlie\\u00dflich sollte jede Veranstaltung durch ihren ganz besonderen, eigenen Charakter hervorstechen und positiv in Erinnerung bleiben.\\nWir geben grunds\\u00e4tzlich unser Bestes f\\u00fcr Sie, daf\\u00fcr stehe ich mit meinem Namen.\",\"margin\":\"default\"}},{\"type\":\"image\",\"props\":{\"image\":\"wp-content\\\/uploads\\\/2022\\\/04\\\/brunnberg.png\",\"image_svg_color\":\"emphasis\",\"image_svg_inline\":true,\"image_width\":\"180\",\"margin\":\"\",\"text_align\":\"left\",\"text_align_breakpoint\":\"m\",\"text_align_fallback\":\"center\"}},{\"type\":\"text\",\"props\":{\"column_breakpoint\":\"m\",\"content\":\"Ludger Brunnberg\",\"margin\":\"default\",\"text_align\":\"left\",\"text_align_breakpoint\":\"m\",\"text_align_fallback\":\"center\"}}]}]}],\"name\":\"About\"},{\"type\":\"section\",\"props\":{\"image\":\"wp-content\\\/uploads\\\/2022\\\/04\\\/sound1-1.jpg\",\"image_position\":\"center-center\",\"image_size\":\"cover\",\"media_overlay\":\"rgba(0, 0, 0, 0.55)\",\"padding\":\"large\",\"style\":\"default\",\"text_color\":\"light\",\"title_breakpoint\":\"xl\",\"title_position\":\"top-left\",\"title_rotation\":\"left\",\"vertical_align\":\"middle\",\"width\":\"large\"},\"children\":[{\"type\":\"row\",\"props\":{\"layout\":\"1-2,1-2\"},\"children\":[{\"type\":\"column\",\"props\":{\"image_position\":\"center-center\",\"position_sticky_breakpoint\":\"m\",\"width_medium\":\"1-2\"},\"children\":[{\"type\":\"headline\",\"props\":{\"animation\":\"parallax\",\"content\":\"Sind Sie bereit f\\u00fcr das perfekte Event?\",\"parallax_easing\":\"1\",\"text_align\":\"left\",\"text_align_fallback\":\"center\",\"title_element\":\"h2\",\"title_style\":\"heading-small\"}},{\"type\":\"text\",\"props\":{\"column_breakpoint\":\"m\",\"content\":\"Schreiben Sie uns gern eine Nachricht, oder kontaktieren Sie uns telefonisch. Lassen Sie uns zusammen Ihre Veranstaltung planen und unvergessliche Momente erschaffen. \",\"css\":\".el-element{\\n    color:white;\\n}\",\"margin\":\"medium\",\"margin_remove_top\":true,\"maxwidth\":\"xlarge\",\"text_align\":\"left\"}},{\"type\":\"button\",\"props\":{\"css\":\".uk-button{\\n    border:2px solid white;\\n}\\n\\n.uk-button:hover{\\n    border:2px solid #ed0000;\\n}\",\"grid_column_gap\":\"small\",\"grid_row_gap\":\"small\",\"margin\":\"default\",\"text_align\":\"left\"},\"children\":[{\"type\":\"button_item\",\"props\":{\"button_style\":\"primary\",\"content\":\"Kontakt aufnehmen\",\"icon_align\":\"left\",\"link\":\"index.php?page_id=1107\"}}]}]},{\"type\":\"column\",\"props\":{\"image_position\":\"center-center\",\"position_sticky_breakpoint\":\"m\",\"width_medium\":\"1-2\"}}]}],\"name\":\"Call to Action\"}],\"version\":\"4.0.7\"} --><\/p>\n","protected":false},"excerpt":{"rendered":"<p>Wer wir sind Ihr Veranstaltungsservice aus Ense Seit \u00fcber zehn Jahren Aus Leidenschaft zum perfekten Event Im November 2009 gr\u00fcndete ich das Unternehmen Laut &#038; Hell &#8211; dabei war der Name Programm. Wir wollten Dinge anders machen, neu denken. Eventservice-Unternehmen gibt es viele, doch wir hatten immer den Anspruch, durch unseren Fokus auf Perfektion und [&hellip;]<\/p>\n","protected":false},"author":1,"featured_media":0,"parent":0,"menu_order":0,"comment_status":"closed","ping_status":"closed","template":"","meta":{"footnotes":""},"class_list":["post-1102","page","type-page","status-publish","hentry"],"_links":{"self":[{"href":"https:\/\/lauthell.de\/index.php?rest_route=\/wp\/v2\/pages\/1102","targetHints":{"allow":["GET"]}}],"collection":[{"href":"https:\/\/lauthell.de\/index.php?rest_route=\/wp\/v2\/pages"}],"about":[{"href":"https:\/\/lauthell.de\/index.php?rest_route=\/wp\/v2\/types\/page"}],"author":[{"embeddable":true,"href":"https:\/\/lauthell.de\/index.php?rest_route=\/wp\/v2\/users\/1"}],"replies":[{"embeddable":true,"href":"https:\/\/lauthell.de\/index.php?rest_route=%2Fwp%2Fv2%2Fcomments&post=1102"}],"version-history":[{"count":5,"href":"https:\/\/lauthell.de\/index.php?rest_route=\/wp\/v2\/pages\/1102\/revisions"}],"predecessor-version":[{"id":1386,"href":"https:\/\/lauthell.de\/index.php?rest_route=\/wp\/v2\/pages\/1102\/revisions\/1386"}],"wp:attachment":[{"href":"https:\/\/lauthell.de\/index.php?rest_route=%2Fwp%2Fv2%2Fmedia&parent=1102"}],"curies":[{"name":"wp","href":"https:\/\/api.w.org\/{rel}","templated":true}]}}